{"id":1468,"date":"2023-07-06T02:58:23","date_gmt":"2023-07-06T02:58:23","guid":{"rendered":"https:\/\/favdevs.com\/demos\/wp\/arcatec\/?page_id=1468"},"modified":"2024-03-07T17:47:33","modified_gmt":"2024-03-07T16:47:33","slug":"about-us","status":"publish","type":"page","link":"https:\/\/oznova.com.tr\/?page_id=1468","title":{"rendered":"About Us"},"content":{"rendered":"\t\t<div data-elementor-type=\"wp-page\" data-elementor-id=\"1468\" class=\"elementor elementor-1468\" data-elementor-post-type=\"page\">\n\t\t\t\t\t\t\t\t\t<section class=\"elementor-section elementor-top-section elementor-element elementor-element-3c17bef elementor-section-height-min-height elementor-section-boxed elementor-section-height-default elementor-section-items-middle mas-addons-sticky-no\" data-id=\"3c17bef\" data-element_type=\"section\" data-settings=\"{&quot;background_background&quot;:&quot;classic&quot;,&quot;mas_addons_sticky&quot;:&quot;no&quot;}\">\n\t\t\t\t\t\t<div class=\"elementor-container elementor-column-gap-default\">\n\t\t\t\t\t<div class=\"elementor-column elementor-col-100 elementor-top-column elementor-element elementor-element-d87ede8\" data-id=\"d87ede8\" data-element_type=\"column\">\n\t\t\t<div class=\"elementor-widget-wrap elementor-element-populated\">\n\t\t\t\t\t\t\t\t<div class=\"elementor-element elementor-element-b9c902d mas-addons-sticky-no elementor-widget elementor-widget-mas-addons-heading\" data-id=\"b9c902d\" data-element_type=\"widget\" data-settings=\"{&quot;mas_addons_sticky&quot;:&quot;no&quot;}\" data-widget_type=\"mas-addons-heading.default\">\n\t\t\t\t<div class=\"elementor-widget-container\">\n\t\t\t<h2 class=\"mas-addons-heading-title show-line-no\">HAKKIMIZDA<\/h2>\t\t<\/div>\n\t\t\t\t<\/div>\n\t\t\t\t\t<\/div>\n\t\t<\/div>\n\t\t\t\t\t\t\t<\/div>\n\t\t<\/section>\n\t\t\t\t<section class=\"elementor-section elementor-top-section elementor-element elementor-element-5f5d293 elementor-section-boxed elementor-section-height-default elementor-section-height-default mas-addons-sticky-no\" data-id=\"5f5d293\" data-element_type=\"section\" data-settings=\"{&quot;background_background&quot;:&quot;classic&quot;,&quot;mas_addons_sticky&quot;:&quot;no&quot;}\">\n\t\t\t\t\t\t<div class=\"elementor-container elementor-column-gap-no\">\n\t\t\t\t\t<div class=\"elementor-column elementor-col-100 elementor-top-column elementor-element elementor-element-eadd5c2\" data-id=\"eadd5c2\" data-element_type=\"column\">\n\t\t\t<div class=\"elementor-widget-wrap elementor-element-populated\">\n\t\t\t\t\t\t\t\t<section class=\"elementor-section elementor-inner-section elementor-element elementor-element-bf25e61 elementor-section-boxed elementor-section-height-default elementor-section-height-default mas-addons-sticky-no\" data-id=\"bf25e61\" data-element_type=\"section\" data-settings=\"{&quot;mas_addons_sticky&quot;:&quot;no&quot;}\">\n\t\t\t\t\t\t<div class=\"elementor-container elementor-column-gap-default\">\n\t\t\t\t\t<div class=\"elementor-column elementor-col-100 elementor-inner-column elementor-element elementor-element-6ad781b\" data-id=\"6ad781b\" data-element_type=\"column\">\n\t\t\t<div class=\"elementor-widget-wrap elementor-element-populated\">\n\t\t\t\t\t\t\t\t<div class=\"elementor-element elementor-element-bd1cce2 mas-addons-sticky-no elementor-widget elementor-widget-heading\" data-id=\"bd1cce2\" data-element_type=\"widget\" data-settings=\"{&quot;mas_addons_sticky&quot;:&quot;no&quot;}\" data-widget_type=\"heading.default\">\n\t\t\t\t<div class=\"elementor-widget-container\">\n\t\t\t<style>\/*! elementor - v3.18.0 - 20-12-2023 *\/\n.elementor-heading-title{padding:0;margin:0;line-height:1}.elementor-widget-heading .elementor-heading-title[class*=elementor-size-]>a{color:inherit;font-size:inherit;line-height:inherit}.elementor-widget-heading .elementor-heading-title.elementor-size-small{font-size:15px}.elementor-widget-heading .elementor-heading-title.elementor-size-medium{font-size:19px}.elementor-widget-heading .elementor-heading-title.elementor-size-large{font-size:29px}.elementor-widget-heading .elementor-heading-title.elementor-size-xl{font-size:39px}.elementor-widget-heading .elementor-heading-title.elementor-size-xxl{font-size:59px}<\/style><h4 class=\"elementor-heading-title elementor-size-default\">\u00d6ZNOVA<\/h4>\t\t<\/div>\n\t\t\t\t<\/div>\n\t\t\t\t<div class=\"elementor-element elementor-element-196038c arcatec-size-default mas-addons-sticky-no elementor-widget elementor-widget-techza-text-editor\" data-id=\"196038c\" data-element_type=\"widget\" data-settings=\"{&quot;mas_addons_sticky&quot;:&quot;no&quot;}\" data-widget_type=\"techza-text-editor.default\">\n\t\t\t\t<div class=\"elementor-widget-container\">\n\t\t\t\t\t\t\t\t<div class=\"arcatec-paragraph-editor\">\n\t\t\t\t<div class=\"arcatec-size-default\"><p><strong>\u00d6ZNOVA: Gelece\u011fi \u0130n\u015fa Eden Miras<\/strong><\/p>\n<p><strong>Gen\u00e7, yenilik\u00e7i<\/strong> ve in\u015faat sekt\u00f6r\u00fcnde babadan o\u011fula ge\u00e7en bir tutkuyla, \u00d6ZNOVA, ya\u015fam alanlar\u0131n\u0131 sanata d\u00f6n\u00fc\u015ft\u00fcr\u00fcyor. Fransa&#8217;da y\u0131llar s\u00fcren deneyimimizden sonra, T\u00fcrkiye&#8217;de \u00e7evre dostu, teknoloji ile entegre, ya\u015fanabilir mekanlar yaratma hedefiyle yola \u00e7\u0131kt\u0131k. <strong>Bizim i\u00e7in her santimetre, kalitenin ve \u00f6zenin bir g\u00f6stergesidir.<\/strong><\/p>\n<p><strong>\u00d6ZNOVA<\/strong>&#8216;da l\u00fcks, sadece bir konfor de\u011fil, bir vizyon meselesidir. Bu vizyonu, alan\u0131nda uzman ekiplerimizle birlikte en iyi \u015fekilde hayata ge\u00e7irmek, sanat\u0131n kendisidir. Projelerimizde <strong>estetik<\/strong> ve <strong>fonksiyonelli\u011fi<\/strong>, <strong>\u00e7evre bilincini<\/strong> ve <strong>teknolojik<\/strong> yenilikleri <strong><span style=\"text-decoration: underline;\">birle\u015ftiriyoruz<\/span><\/strong>.<\/p>\n<p>Tak\u0131m\u0131m\u0131z\u0131n her bir \u00fcyesi, \u00e7al\u0131\u015fanlar\u0131m\u0131z\u0131n her biri, pozisyonlar\u0131 ne olursa olsun, \u00d6ZNOVA&#8217;n\u0131n temel ta\u015flar\u0131d\u0131r. Her birine en y\u00fcksek de\u011feri veriyor, onlar\u0131n katk\u0131lar\u0131yla b\u00fcy\u00fcyoruz.<\/p>\n<p>T\u00fcrkiye&#8217;de yeni bir ya\u015fam, yeni bir vizyon, yeni bir ufuk sunmak i\u00e7in b\u00fcy\u00fck bir h\u0131rsla hareket ediyoruz. Gen\u00e7 ve dinamik bir \u015firket olarak, sekt\u00f6rde yenilik\u00e7i bir iz b\u0131rakmay\u0131 ve gelece\u011fe b\u00fcy\u00fck yat\u0131r\u0131mlar yapmay\u0131 hedefliyoruz. <strong>\u00d6ZNOVA ile gelece\u011fi in\u015fa edin.<\/strong><\/p>\n<\/div>\n\t\t\t<\/div>\n\t\t\t\t<\/div>\n\t\t\t\t<\/div>\n\t\t\t\t<div class=\"elementor-element elementor-element-ea09469 mas-addons-sticky-no elementor-invisible elementor-widget elementor-widget-arcatec_button\" data-id=\"ea09469\" data-element_type=\"widget\" data-settings=\"{&quot;_animation&quot;:&quot;fadeInUp&quot;,&quot;mas_addons_sticky&quot;:&quot;no&quot;}\" data-widget_type=\"arcatec_button.default\">\n\t\t\t\t<div class=\"elementor-widget-container\">\n\t\t\t\n\n\t\t\t<div class=\"button-primary\">\n          \r\n<div class=\"arcatec-button-wraper arcatec-btn-icon\">\r\n\t<a class=\"arcatec-btn\" href=\"https:\/\/oznova.com.tr\/?page_id=1596\">\r\n\t\t\tBize ula\u015f\u0131n\r\n\t\t\t\t\t\t\t<svg xmlns=\"http:\/\/www.w3.org\/2000\/svg\" width=\"22\" height=\"22\" viewBox=\"0 0 22 22\" fill=\"none\"><mask id=\"mask0_86_5794\" style=\"mask-type:alpha\" maskUnits=\"userSpaceOnUse\" x=\"0\" y=\"0\" width=\"22\" height=\"22\"><rect width=\"22\" height=\"22\" fill=\"#D9D9D9\"><\/rect><\/mask><g mask=\"url(#mask0_86_5794)\"><path d=\"M5.86665 16.4999L4.58331 15.2166L13.3833 6.41659H5.49998V4.58325H16.5V15.5833H14.6666V7.69992L5.86665 16.4999Z\" fill=\"#050505\"><\/path><\/g><\/svg>\t\t\t\t<\/a> \r\n<\/div>   \t\t<\/div>\n            \n\t\t\t\t<\/div>\n\t\t\t\t<\/div>\n\t\t\t\t\t<\/div>\n\t\t<\/div>\n\t\t\t\t\t\t\t<\/div>\n\t\t<\/section>\n\t\t\t\t\t<\/div>\n\t\t<\/div>\n\t\t\t\t\t\t\t<\/div>\n\t\t<\/section>\n\t\t\t\t<section class=\"elementor-section elementor-top-section elementor-element elementor-element-f9278c9 elementor-section-full_width elementor-section-height-default elementor-section-height-default mas-addons-sticky-no\" data-id=\"f9278c9\" data-element_type=\"section\" data-settings=\"{&quot;background_background&quot;:&quot;classic&quot;,&quot;mas_addons_sticky&quot;:&quot;no&quot;}\">\n\t\t\t\t\t\t<div class=\"elementor-container elementor-column-gap-no\">\n\t\t\t\t\t<div class=\"elementor-column elementor-col-100 elementor-top-column elementor-element elementor-element-629dbef\" data-id=\"629dbef\" data-element_type=\"column\">\n\t\t\t<div class=\"elementor-widget-wrap elementor-element-populated\">\n\t\t\t\t\t\t\t\t<div class=\"elementor-element elementor-element-3c49414 mas-addons-sticky-no elementor-widget elementor-widget-heading\" data-id=\"3c49414\" data-element_type=\"widget\" data-settings=\"{&quot;mas_addons_sticky&quot;:&quot;no&quot;}\" data-widget_type=\"heading.default\">\n\t\t\t\t<div class=\"elementor-widget-container\">\n\t\t\t<h4 class=\"elementor-heading-title elementor-size-default\">Bizim Projelerimiz<\/h4>\t\t<\/div>\n\t\t\t\t<\/div>\n\t\t\t\t<div class=\"elementor-element elementor-element-9bad2f8 mas-addons-sticky-no elementor-widget elementor-widget-arcatec-portfolio\" data-id=\"9bad2f8\" data-element_type=\"widget\" data-settings=\"{&quot;per_coulmn&quot;:&quot;3&quot;,&quot;per_coulmn_tablet&quot;:2,&quot;per_coulmn_mobile&quot;:1,&quot;mas_addons_sticky&quot;:&quot;no&quot;}\" data-widget_type=\"arcatec-portfolio.default\">\n\t\t\t\t<div class=\"elementor-widget-container\">\n\t\t\t            <div class=\"portfolio-slider\" data-settings=\"{&quot;loop&quot;:false,&quot;dots&quot;:false,&quot;autoplay&quot;:true,&quot;nav&quot;:false,&quot;mousedrag&quot;:true,&quot;autoplaytimeout&quot;:&quot;5000&quot;,&quot;per_coulmn&quot;:&quot;3&quot;,&quot;per_coulmn_tablet&quot;:2,&quot;per_coulmn_mobile&quot;:1}\">\n                    \n\n    <div id=\"post-490\" class=\"arcatec-portfolio-item-wrap  la-grande-motte-france  height-normal\">\n        <a href=\"https:\/\/oznova.com.tr\/?portfolio=brutalist-lobby\" class=\"arcatec-portfolio-item style-one \">\n        <div class=\"arcatec-portfolio-box\">\n        <div class=\"arcatec-portfolio-image d-block elementor-animation-\">\n                <img fetchpriority=\"high\" decoding=\"async\" width=\"1266\" height=\"800\" src=\"https:\/\/oznova.com.tr\/wp-content\/uploads\/2023\/06\/Design-sans-titre-90.png\" class=\"attachment-post-thumbnail size-post-thumbnail wp-post-image\" alt=\"\" srcset=\"https:\/\/oznova.com.tr\/wp-content\/uploads\/2023\/06\/Design-sans-titre-90.png 1266w, https:\/\/oznova.com.tr\/wp-content\/uploads\/2023\/06\/Design-sans-titre-90-300x190.png 300w, https:\/\/oznova.com.tr\/wp-content\/uploads\/2023\/06\/Design-sans-titre-90-1024x647.png 1024w, https:\/\/oznova.com.tr\/wp-content\/uploads\/2023\/06\/Design-sans-titre-90-768x485.png 768w\" sizes=\"(max-width: 1266px) 100vw, 1266px\" \/>                <div class=\"arcatec-portfolio-content content-postion-on-image\">\n                    <div class=\"arcatec-portfolio-content-wrap\">\n                        <div class=\"arcatec-portfolio-content-left\">\n                                                            <div class=\"arcatec-portfolio-title\">\n                                    <h3>\n                                        Le Mind                                    <\/h3>\n                                <\/div>\n                            \n                            <div class=\"arcatec-portfolio-description\">\n                                                            <\/div>\n\n                            <span class=\"arcatec-pf-category\">La Grande Motte - France<\/span>                        <\/div>\n                        <div class=\"arcatec-portfolio-date\">\n                            <div class=\"pf-pre-sale\">\n                                <span>2021<\/span>\n                            <\/div>\n                        <\/div>\n                    <\/div>\n                \n                \n                                    <\/div>\n            <\/div>\n        <\/div>\n            \n            \n       <\/a>\n\n    <\/div>\n\n<!-- #post-490 -->\n    \n\n    <div id=\"post-502\" class=\"arcatec-portfolio-item-wrap  montpellier-france  height-big\">\n        <a href=\"https:\/\/oznova.com.tr\/?portfolio=brutalist-interior\" class=\"arcatec-portfolio-item style-one \">\n        <div class=\"arcatec-portfolio-box\">\n        <div class=\"arcatec-portfolio-image d-block elementor-animation-\">\n                <img decoding=\"async\" width=\"1266\" height=\"800\" src=\"https:\/\/oznova.com.tr\/wp-content\/uploads\/2023\/06\/Design-sans-titre-88.png\" class=\"attachment-post-thumbnail size-post-thumbnail wp-post-image\" alt=\"\" srcset=\"https:\/\/oznova.com.tr\/wp-content\/uploads\/2023\/06\/Design-sans-titre-88.png 1266w, https:\/\/oznova.com.tr\/wp-content\/uploads\/2023\/06\/Design-sans-titre-88-300x190.png 300w, https:\/\/oznova.com.tr\/wp-content\/uploads\/2023\/06\/Design-sans-titre-88-1024x647.png 1024w, https:\/\/oznova.com.tr\/wp-content\/uploads\/2023\/06\/Design-sans-titre-88-768x485.png 768w\" sizes=\"(max-width: 1266px) 100vw, 1266px\" \/>                <div class=\"arcatec-portfolio-content content-postion-on-image\">\n                    <div class=\"arcatec-portfolio-content-wrap\">\n                        <div class=\"arcatec-portfolio-content-left\">\n                                                            <div class=\"arcatec-portfolio-title\">\n                                    <h3>\n                                        Arbre Blanc                                    <\/h3>\n                                <\/div>\n                            \n                            <div class=\"arcatec-portfolio-description\">\n                                                            <\/div>\n\n                            <span class=\"arcatec-pf-category\">Montpellier - France<\/span>                        <\/div>\n                        <div class=\"arcatec-portfolio-date\">\n                            <div class=\"pf-pre-sale\">\n                                <span>2019<\/span>\n                            <\/div>\n                        <\/div>\n                    <\/div>\n                \n                \n                                    <\/div>\n            <\/div>\n        <\/div>\n            \n            \n       <\/a>\n\n    <\/div>\n\n<!-- #post-502 -->\n    \n\n    <div id=\"post-506\" class=\"arcatec-portfolio-item-wrap  ankara-turkiye  height-normal\">\n        <a href=\"https:\/\/oznova.com.tr\/?portfolio=loft-studio\" class=\"arcatec-portfolio-item style-one \">\n        <div class=\"arcatec-portfolio-box\">\n        <div class=\"arcatec-portfolio-image d-block elementor-animation-\">\n                <img decoding=\"async\" width=\"1266\" height=\"800\" src=\"https:\/\/oznova.com.tr\/wp-content\/uploads\/2023\/06\/Design-sans-titre-93.png\" class=\"attachment-post-thumbnail size-post-thumbnail wp-post-image\" alt=\"\" srcset=\"https:\/\/oznova.com.tr\/wp-content\/uploads\/2023\/06\/Design-sans-titre-93.png 1266w, https:\/\/oznova.com.tr\/wp-content\/uploads\/2023\/06\/Design-sans-titre-93-300x190.png 300w, https:\/\/oznova.com.tr\/wp-content\/uploads\/2023\/06\/Design-sans-titre-93-1024x647.png 1024w, https:\/\/oznova.com.tr\/wp-content\/uploads\/2023\/06\/Design-sans-titre-93-768x485.png 768w\" sizes=\"(max-width: 1266px) 100vw, 1266px\" \/>                <div class=\"arcatec-portfolio-content content-postion-on-image\">\n                    <div class=\"arcatec-portfolio-content-wrap\">\n                        <div class=\"arcatec-portfolio-content-left\">\n                                                            <div class=\"arcatec-portfolio-title\">\n                                    <h3>\n                                        Villa Ankara                                    <\/h3>\n                                <\/div>\n                            \n                            <div class=\"arcatec-portfolio-description\">\n                                                            <\/div>\n\n                            <span class=\"arcatec-pf-category\">Ankara - T\u00fcrkiye<\/span>                        <\/div>\n                        <div class=\"arcatec-portfolio-date\">\n                            <div class=\"pf-pre-sale\">\n                                <span>2018<\/span>\n                            <\/div>\n                        <\/div>\n                    <\/div>\n                \n                \n                                    <\/div>\n            <\/div>\n        <\/div>\n            \n            \n       <\/a>\n\n    <\/div>\n\n<!-- #post-506 -->\n    \n\n    <div id=\"post-512\" class=\"arcatec-portfolio-item-wrap  lattes-france  height-normal\">\n        <a href=\"https:\/\/oznova.com.tr\/?portfolio=eco-housing\" class=\"arcatec-portfolio-item style-one \">\n        <div class=\"arcatec-portfolio-box\">\n        <div class=\"arcatec-portfolio-image d-block elementor-animation-\">\n                <img loading=\"lazy\" decoding=\"async\" width=\"1266\" height=\"800\" src=\"https:\/\/oznova.com.tr\/wp-content\/uploads\/2023\/06\/Design-sans-titre-91.png\" class=\"attachment-post-thumbnail size-post-thumbnail wp-post-image\" alt=\"\" srcset=\"https:\/\/oznova.com.tr\/wp-content\/uploads\/2023\/06\/Design-sans-titre-91.png 1266w, https:\/\/oznova.com.tr\/wp-content\/uploads\/2023\/06\/Design-sans-titre-91-300x190.png 300w, https:\/\/oznova.com.tr\/wp-content\/uploads\/2023\/06\/Design-sans-titre-91-1024x647.png 1024w, https:\/\/oznova.com.tr\/wp-content\/uploads\/2023\/06\/Design-sans-titre-91-768x485.png 768w\" sizes=\"(max-width: 1266px) 100vw, 1266px\" \/>                <div class=\"arcatec-portfolio-content content-postion-on-image\">\n                    <div class=\"arcatec-portfolio-content-wrap\">\n                        <div class=\"arcatec-portfolio-content-left\">\n                                                            <div class=\"arcatec-portfolio-title\">\n                                    <h3>\n                                        Les Loges d&#8217;Arianne                                    <\/h3>\n                                <\/div>\n                            \n                            <div class=\"arcatec-portfolio-description\">\n                                                            <\/div>\n\n                            <span class=\"arcatec-pf-category\">Lattes - France<\/span>                        <\/div>\n                        <div class=\"arcatec-portfolio-date\">\n                            <div class=\"pf-pre-sale\">\n                                <span> 2020<\/span>\n                            <\/div>\n                        <\/div>\n                    <\/div>\n                \n                \n                                    <\/div>\n            <\/div>\n        <\/div>\n            \n            \n       <\/a>\n\n    <\/div>\n\n<!-- #post-512 -->\n    \n\n    <div id=\"post-1677\" class=\"arcatec-portfolio-item-wrap  sete-france  height-normal\">\n        <a href=\"https:\/\/oznova.com.tr\/?portfolio=casa-el-maqui\" class=\"arcatec-portfolio-item style-one \">\n        <div class=\"arcatec-portfolio-box\">\n        <div class=\"arcatec-portfolio-image d-block elementor-animation-\">\n                <img loading=\"lazy\" decoding=\"async\" width=\"1266\" height=\"800\" src=\"https:\/\/oznova.com.tr\/wp-content\/uploads\/2023\/07\/Design-sans-titre-92.png\" class=\"attachment-post-thumbnail size-post-thumbnail wp-post-image\" alt=\"\" srcset=\"https:\/\/oznova.com.tr\/wp-content\/uploads\/2023\/07\/Design-sans-titre-92.png 1266w, https:\/\/oznova.com.tr\/wp-content\/uploads\/2023\/07\/Design-sans-titre-92-300x190.png 300w, https:\/\/oznova.com.tr\/wp-content\/uploads\/2023\/07\/Design-sans-titre-92-1024x647.png 1024w, https:\/\/oznova.com.tr\/wp-content\/uploads\/2023\/07\/Design-sans-titre-92-768x485.png 768w\" sizes=\"(max-width: 1266px) 100vw, 1266px\" \/>                <div class=\"arcatec-portfolio-content content-postion-on-image\">\n                    <div class=\"arcatec-portfolio-content-wrap\">\n                        <div class=\"arcatec-portfolio-content-left\">\n                                                            <div class=\"arcatec-portfolio-title\">\n                                    <h3>\n                                        \u00d4ra                                    <\/h3>\n                                <\/div>\n                            \n                            <div class=\"arcatec-portfolio-description\">\n                                                            <\/div>\n\n                            <span class=\"arcatec-pf-category\">S\u00e8te - France<\/span>                        <\/div>\n                        <div class=\"arcatec-portfolio-date\">\n                            <div class=\"pf-pre-sale\">\n                                <span>2023<\/span>\n                            <\/div>\n                        <\/div>\n                    <\/div>\n                \n                \n                                    <\/div>\n            <\/div>\n        <\/div>\n            \n            \n       <\/a>\n\n    <\/div>\n\n<!-- #post-1677 -->\n            <\/div>\n\n            \n\n                    \t\t<\/div>\n\t\t\t\t<\/div>\n\t\t\t\t\t<\/div>\n\t\t<\/div>\n\t\t\t\t\t\t\t<\/div>\n\t\t<\/section>\n\t\t\t\t\t\t\t<\/div>\n\t\t","protected":false},"excerpt":{"rendered":"<p>HAKKIMIZDA \u00d6ZNOVA \u00d6ZNOVA: Gelece\u011fi \u0130n\u015fa Eden Miras Gen\u00e7, yenilik\u00e7i ve in\u015faat sekt\u00f6r\u00fcnde babadan o\u011fula ge\u00e7en bir tutkuyla, \u00d6ZNOVA, ya\u015fam alanlar\u0131n\u0131 sanata d\u00f6n\u00fc\u015ft\u00fcr\u00fcyor. Fransa&#8217;da y\u0131llar s\u00fcren deneyimimizden sonra, T\u00fcrkiye&#8217;de \u00e7evre dostu, teknoloji ile entegre, ya\u015fanabilir mekanlar yaratma hedefiyle yola \u00e7\u0131kt\u0131k. Bizim i\u00e7in her santimetre, kalitenin ve \u00f6zenin bir g\u00f6stergesidir. \u00d6ZNOVA&#8216;da l\u00fcks, sadece bir konfor de\u011fil, bir [&hellip;]<\/p>\n","protected":false},"author":2,"featured_media":0,"parent":0,"menu_order":0,"comment_status":"closed","ping_status":"closed","template":"elementor_header_footer","meta":{"inline_featured_image":false,"_monsterinsights_skip_tracking":false,"_monsterinsights_sitenote_active":false,"_monsterinsights_sitenote_note":"","_monsterinsights_sitenote_category":0,"footnotes":""},"acf":[],"aioseo_notices":[],"_links":{"self":[{"href":"https:\/\/oznova.com.tr\/index.php?rest_route=\/wp\/v2\/pages\/1468"}],"collection":[{"href":"https:\/\/oznova.com.tr\/index.php?rest_route=\/wp\/v2\/pages"}],"about":[{"href":"https:\/\/oznova.com.tr\/index.php?rest_route=\/wp\/v2\/types\/page"}],"author":[{"embeddable":true,"href":"https:\/\/oznova.com.tr\/index.php?rest_route=\/wp\/v2\/users\/2"}],"replies":[{"embeddable":true,"href":"https:\/\/oznova.com.tr\/index.php?rest_route=%2Fwp%2Fv2%2Fcomments&post=1468"}],"version-history":[{"count":15,"href":"https:\/\/oznova.com.tr\/index.php?rest_route=\/wp\/v2\/pages\/1468\/revisions"}],"predecessor-version":[{"id":3298,"href":"https:\/\/oznova.com.tr\/index.php?rest_route=\/wp\/v2\/pages\/1468\/revisions\/3298"}],"wp:attachment":[{"href":"https:\/\/oznova.com.tr\/index.php?rest_route=%2Fwp%2Fv2%2Fmedia&parent=1468"}],"curies":[{"name":"wp","href":"https:\/\/api.w.org\/{rel}","templated":true}]}}