{"id":1596,"date":"2023-07-06T16:33:12","date_gmt":"2023-07-06T16:33:12","guid":{"rendered":"https:\/\/favdevs.com\/demos\/wp\/arcatec\/?page_id=1596"},"modified":"2024-01-07T16:30:12","modified_gmt":"2024-01-07T15:30:12","slug":"contact-us","status":"publish","type":"page","link":"https:\/\/oznova.com.tr\/?page_id=1596","title":{"rendered":"Contact Us"},"content":{"rendered":"\t\t<div data-elementor-type=\"wp-page\" data-elementor-id=\"1596\" class=\"elementor elementor-1596\" data-elementor-post-type=\"page\">\n\t\t\t\t\t\t\t\t\t<section class=\"elementor-section elementor-top-section elementor-element elementor-element-44435bb elementor-section-height-min-height elementor-section-boxed elementor-section-height-default elementor-section-items-middle mas-addons-sticky-no\" data-id=\"44435bb\" data-element_type=\"section\" data-settings=\"{&quot;background_background&quot;:&quot;classic&quot;,&quot;mas_addons_sticky&quot;:&quot;no&quot;}\">\n\t\t\t\t\t\t<div class=\"elementor-container elementor-column-gap-default\">\n\t\t\t\t\t<div class=\"elementor-column elementor-col-100 elementor-top-column elementor-element elementor-element-c46ec71\" data-id=\"c46ec71\" data-element_type=\"column\">\n\t\t\t<div class=\"elementor-widget-wrap elementor-element-populated\">\n\t\t\t\t\t\t\t\t<div class=\"elementor-element elementor-element-595f13b mas-addons-sticky-no elementor-widget elementor-widget-mas-addons-heading\" data-id=\"595f13b\" data-element_type=\"widget\" data-settings=\"{&quot;mas_addons_sticky&quot;:&quot;no&quot;}\" data-widget_type=\"mas-addons-heading.default\">\n\t\t\t\t<div class=\"elementor-widget-container\">\n\t\t\t<h2 class=\"mas-addons-heading-title show-line-no\">Bize ula\u015f\u0131n<\/h2>\t\t<\/div>\n\t\t\t\t<\/div>\n\t\t\t\t\t<\/div>\n\t\t<\/div>\n\t\t\t\t\t\t\t<\/div>\n\t\t<\/section>\n\t\t\t\t<section class=\"elementor-section elementor-top-section elementor-element elementor-element-e95bae1 elementor-section-boxed elementor-section-height-default elementor-section-height-default mas-addons-sticky-no\" data-id=\"e95bae1\" data-element_type=\"section\" data-settings=\"{&quot;background_background&quot;:&quot;classic&quot;,&quot;mas_addons_sticky&quot;:&quot;no&quot;}\">\n\t\t\t\t\t\t<div class=\"elementor-container elementor-column-gap-no\">\n\t\t\t\t\t<div class=\"elementor-column elementor-col-100 elementor-top-column elementor-element elementor-element-2475b00\" data-id=\"2475b00\" data-element_type=\"column\">\n\t\t\t<div class=\"elementor-widget-wrap elementor-element-populated\">\n\t\t\t\t\t\t\t\t<section class=\"elementor-section elementor-inner-section elementor-element elementor-element-d961081 elementor-section-boxed elementor-section-height-default elementor-section-height-default mas-addons-sticky-no\" data-id=\"d961081\" data-element_type=\"section\" data-settings=\"{&quot;mas_addons_sticky&quot;:&quot;no&quot;}\">\n\t\t\t\t\t\t<div class=\"elementor-container elementor-column-gap-default\">\n\t\t\t\t\t<div class=\"elementor-column elementor-col-50 elementor-inner-column elementor-element elementor-element-19478a9\" data-id=\"19478a9\" data-element_type=\"column\" data-settings=\"{&quot;background_background&quot;:&quot;classic&quot;}\">\n\t\t\t<div class=\"elementor-widget-wrap elementor-element-populated\">\n\t\t\t\t\t\t\t\t<div class=\"elementor-element elementor-element-8cef01f mas-addons-sticky-no elementor-widget elementor-widget-heading\" data-id=\"8cef01f\" data-element_type=\"widget\" data-settings=\"{&quot;mas_addons_sticky&quot;:&quot;no&quot;}\" data-widget_type=\"heading.default\">\n\t\t\t\t<div class=\"elementor-widget-container\">\n\t\t\t<style>\/*! elementor - v3.18.0 - 20-12-2023 *\/\n.elementor-heading-title{padding:0;margin:0;line-height:1}.elementor-widget-heading .elementor-heading-title[class*=elementor-size-]>a{color:inherit;font-size:inherit;line-height:inherit}.elementor-widget-heading .elementor-heading-title.elementor-size-small{font-size:15px}.elementor-widget-heading .elementor-heading-title.elementor-size-medium{font-size:19px}.elementor-widget-heading .elementor-heading-title.elementor-size-large{font-size:29px}.elementor-widget-heading .elementor-heading-title.elementor-size-xl{font-size:39px}.elementor-widget-heading .elementor-heading-title.elementor-size-xxl{font-size:59px}<\/style><h4 class=\"elementor-heading-title elementor-size-default\">\u0130LET\u0130\u015e\u0130ME GE\u00c7IN<\/h4>\t\t<\/div>\n\t\t\t\t<\/div>\n\t\t\t\t<div class=\"elementor-element elementor-element-3b8d1d7 elementor-button-align-start mas-addons-sticky-no elementor-widget elementor-widget-form\" data-id=\"3b8d1d7\" data-element_type=\"widget\" data-settings=\"{&quot;step_next_label&quot;:&quot;Suivant&quot;,&quot;step_previous_label&quot;:&quot;Pr\\u00e9c\\u00e9dent&quot;,&quot;button_width&quot;:&quot;100&quot;,&quot;step_type&quot;:&quot;number_text&quot;,&quot;step_icon_shape&quot;:&quot;circle&quot;,&quot;mas_addons_sticky&quot;:&quot;no&quot;}\" data-widget_type=\"form.default\">\n\t\t\t\t<div class=\"elementor-widget-container\">\n\t\t\t<style>\/*! elementor-pro - v3.14.0 - 26-06-2023 *\/\n.elementor-button.elementor-hidden,.elementor-hidden{display:none}.e-form__step{width:100%}.e-form__step:not(.elementor-hidden){display:flex;flex-wrap:wrap}.e-form__buttons{flex-wrap:wrap}.e-form__buttons,.e-form__buttons__wrapper{display:flex}.e-form__indicators{display:flex;justify-content:space-between;align-items:center;flex-wrap:nowrap;font-size:13px;margin-bottom:var(--e-form-steps-indicators-spacing)}.e-form__indicators__indicator{display:flex;flex-direction:column;align-items:center;justify-content:center;flex-basis:0;padding:0 var(--e-form-steps-divider-gap)}.e-form__indicators__indicator__progress{width:100%;position:relative;background-color:var(--e-form-steps-indicator-progress-background-color);border-radius:var(--e-form-steps-indicator-progress-border-radius);overflow:hidden}.e-form__indicators__indicator__progress__meter{width:var(--e-form-steps-indicator-progress-meter-width,0);height:var(--e-form-steps-indicator-progress-height);line-height:var(--e-form-steps-indicator-progress-height);padding-right:15px;border-radius:var(--e-form-steps-indicator-progress-border-radius);background-color:var(--e-form-steps-indicator-progress-color);color:var(--e-form-steps-indicator-progress-meter-color);text-align:right;transition:width .1s linear}.e-form__indicators__indicator:first-child{padding-left:0}.e-form__indicators__indicator:last-child{padding-right:0}.e-form__indicators__indicator--state-inactive{color:var(--e-form-steps-indicator-inactive-primary-color,#c2cbd2)}.e-form__indicators__indicator--state-inactive [class*=indicator--shape-]:not(.e-form__indicators__indicator--shape-none){background-color:var(--e-form-steps-indicator-inactive-secondary-color,#fff)}.e-form__indicators__indicator--state-inactive object,.e-form__indicators__indicator--state-inactive svg{fill:var(--e-form-steps-indicator-inactive-primary-color,#c2cbd2)}.e-form__indicators__indicator--state-active{color:var(--e-form-steps-indicator-active-primary-color,#39b54a);border-color:var(--e-form-steps-indicator-active-secondary-color,#fff)}.e-form__indicators__indicator--state-active [class*=indicator--shape-]:not(.e-form__indicators__indicator--shape-none){background-color:var(--e-form-steps-indicator-active-secondary-color,#fff)}.e-form__indicators__indicator--state-active object,.e-form__indicators__indicator--state-active svg{fill:var(--e-form-steps-indicator-active-primary-color,#39b54a)}.e-form__indicators__indicator--state-completed{color:var(--e-form-steps-indicator-completed-secondary-color,#fff)}.e-form__indicators__indicator--state-completed [class*=indicator--shape-]:not(.e-form__indicators__indicator--shape-none){background-color:var(--e-form-steps-indicator-completed-primary-color,#39b54a)}.e-form__indicators__indicator--state-completed .e-form__indicators__indicator__label{color:var(--e-form-steps-indicator-completed-primary-color,#39b54a)}.e-form__indicators__indicator--state-completed .e-form__indicators__indicator--shape-none{color:var(--e-form-steps-indicator-completed-primary-color,#39b54a);background-color:initial}.e-form__indicators__indicator--state-completed object,.e-form__indicators__indicator--state-completed svg{fill:var(--e-form-steps-indicator-completed-secondary-color,#fff)}.e-form__indicators__indicator__icon{width:var(--e-form-steps-indicator-padding,30px);height:var(--e-form-steps-indicator-padding,30px);font-size:var(--e-form-steps-indicator-icon-size);border-width:1px;border-style:solid;display:flex;justify-content:center;align-items:center;overflow:hidden;margin-bottom:10px}.e-form__indicators__indicator__icon img,.e-form__indicators__indicator__icon object,.e-form__indicators__indicator__icon svg{width:var(--e-form-steps-indicator-icon-size);height:auto}.e-form__indicators__indicator__icon .e-font-icon-svg{height:1em}.e-form__indicators__indicator__number{width:var(--e-form-steps-indicator-padding,30px);height:var(--e-form-steps-indicator-padding,30px);border-width:1px;border-style:solid;display:flex;justify-content:center;align-items:center;margin-bottom:10px}.e-form__indicators__indicator--shape-circle{border-radius:50%}.e-form__indicators__indicator--shape-square{border-radius:0}.e-form__indicators__indicator--shape-rounded{border-radius:5px}.e-form__indicators__indicator--shape-none{border:0}.e-form__indicators__indicator__label{text-align:center}.e-form__indicators__indicator__separator{width:100%;height:var(--e-form-steps-divider-width);background-color:#babfc5}.e-form__indicators--type-icon,.e-form__indicators--type-icon_text,.e-form__indicators--type-number,.e-form__indicators--type-number_text{align-items:flex-start}.e-form__indicators--type-icon .e-form__indicators__indicator__separator,.e-form__indicators--type-icon_text .e-form__indicators__indicator__separator,.e-form__indicators--type-number .e-form__indicators__indicator__separator,.e-form__indicators--type-number_text .e-form__indicators__indicator__separator{margin-top:calc(var(--e-form-steps-indicator-padding, 30px) \/ 2 - var(--e-form-steps-divider-width, 1px) \/ 2)}.elementor-field-type-hidden{display:none}.elementor-field-type-html{display:inline-block}.elementor-login .elementor-lost-password,.elementor-login .elementor-remember-me{font-size:.85em}.elementor-field-type-recaptcha_v3 .elementor-field-label{display:none}.elementor-field-type-recaptcha_v3 .grecaptcha-badge{z-index:1}.elementor-button .elementor-form-spinner{order:3}.elementor-form .elementor-button>span{display:flex;justify-content:center;align-items:center}.elementor-form .elementor-button .elementor-button-text{white-space:normal;flex-grow:0}.elementor-form .elementor-button svg{height:auto}.elementor-form .elementor-button .e-font-icon-svg{height:1em}.elementor-select-wrapper .select-caret-down-wrapper{position:absolute;top:50%;transform:translateY(-50%);inset-inline-end:10px;pointer-events:none;font-size:11px}.elementor-select-wrapper .select-caret-down-wrapper svg{display:unset;width:1em;aspect-ratio:unset;fill:currentColor}.elementor-select-wrapper .select-caret-down-wrapper i{font-size:19px;line-height:2}.elementor-select-wrapper.remove-before:before{content:\"\"!important}<\/style>\t\t<form class=\"elementor-form\" method=\"post\" name=\"Nouveau formulaire\">\n\t\t\t<input type=\"hidden\" name=\"post_id\" value=\"1596\"\/>\n\t\t\t<input type=\"hidden\" name=\"form_id\" value=\"3b8d1d7\"\/>\n\t\t\t<input type=\"hidden\" name=\"referer_title\" value=\"\" \/>\n\n\t\t\t\n\t\t\t<div class=\"elementor-form-fields-wrapper elementor-labels-\">\n\t\t\t\t\t\t\t\t<div class=\"elementor-field-type-text elementor-field-group elementor-column elementor-field-group-name elementor-col-50\">\n\t\t\t\t\t\t\t\t\t\t\t\t<label for=\"form-field-name\" class=\"elementor-field-label elementor-screen-only\">\n\t\t\t\t\t\t\t\t\u0130sim\t\t\t\t\t\t\t<\/label>\n\t\t\t\t\t\t\t\t\t\t\t\t\t\t<input size=\"1\" type=\"text\" name=\"form_fields[name]\" id=\"form-field-name\" class=\"elementor-field elementor-size-sm  elementor-field-textual\" placeholder=\"\u0130sim\">\n\t\t\t\t\t\t\t\t\t\t\t<\/div>\n\t\t\t\t\t\t\t\t<div class=\"elementor-field-type-tel elementor-field-group elementor-column elementor-field-group-field_113bf5c elementor-col-50\">\n\t\t\t\t\t\t\t\t\t\t\t\t<label for=\"form-field-field_113bf5c\" class=\"elementor-field-label elementor-screen-only\">\n\t\t\t\t\t\t\t\tTelefon Numaras\u0131\t\t\t\t\t\t\t<\/label>\n\t\t\t\t\t\t\t\t<input size=\"1\" type=\"tel\" name=\"form_fields[field_113bf5c]\" id=\"form-field-field_113bf5c\" class=\"elementor-field elementor-size-sm  elementor-field-textual\" placeholder=\"Telefon Numaras\u0131\" pattern=\"[0-9()#&amp;+*-=.]+\" title=\"Only numbers and phone characters (#, -, *, etc) are accepted.\">\n\n\t\t\t\t\t\t<\/div>\n\t\t\t\t\t\t\t\t<div class=\"elementor-field-type-email elementor-field-group elementor-column elementor-field-group-email elementor-col-100 elementor-field-required\">\n\t\t\t\t\t\t\t\t\t\t\t\t<label for=\"form-field-email\" class=\"elementor-field-label elementor-screen-only\">\n\t\t\t\t\t\t\t\tE-mail\t\t\t\t\t\t\t<\/label>\n\t\t\t\t\t\t\t\t\t\t\t\t\t\t<input size=\"1\" type=\"email\" name=\"form_fields[email]\" id=\"form-field-email\" class=\"elementor-field elementor-size-sm  elementor-field-textual\" placeholder=\"E-mail\" required=\"required\" aria-required=\"true\">\n\t\t\t\t\t\t\t\t\t\t\t<\/div>\n\t\t\t\t\t\t\t\t<div class=\"elementor-field-type-textarea elementor-field-group elementor-column elementor-field-group-message elementor-col-100\">\n\t\t\t\t\t\t\t\t\t\t\t\t<label for=\"form-field-message\" class=\"elementor-field-label elementor-screen-only\">\n\t\t\t\t\t\t\t\tMesaj\u0131n\u0131z\u0131 Yaz\u0131n\t\t\t\t\t\t\t<\/label>\n\t\t\t\t\t\t<textarea class=\"elementor-field-textual elementor-field  elementor-size-sm\" name=\"form_fields[message]\" id=\"form-field-message\" rows=\"4\" placeholder=\"Mesaj\u0131n\u0131z\u0131 Yaz\u0131n\"><\/textarea>\t\t\t\t<\/div>\n\t\t\t\t\t\t\t\t<div class=\"elementor-field-group elementor-column elementor-field-type-submit elementor-col-100 e-form__buttons\">\n\t\t\t\t\t<button type=\"submit\" class=\"elementor-button elementor-size-sm\">\n\t\t\t\t\t\t<span >\n\t\t\t\t\t\t\t\t\t\t\t\t\t\t\t<span class=\" elementor-button-icon\">\n\t\t\t\t\t\t\t\t\t\t\t\t\t\t\t\t\t\t\t\t\t\t\t\t\t\t<\/span>\n\t\t\t\t\t\t\t\t\t\t\t\t\t\t\t\t\t\t\t\t\t\t<span class=\"elementor-button-text\">G\u00d6NDER<\/span>\n\t\t\t\t\t\t\t\t\t\t\t\t\t<\/span>\n\t\t\t\t\t<\/button>\n\t\t\t\t<\/div>\n\t\t\t<\/div>\n\t\t<\/form>\n\t\t\t\t<\/div>\n\t\t\t\t<\/div>\n\t\t\t\t\t<\/div>\n\t\t<\/div>\n\t\t\t\t<div class=\"elementor-column elementor-col-50 elementor-inner-column elementor-element elementor-element-9b0cdbb\" data-id=\"9b0cdbb\" data-element_type=\"column\">\n\t\t\t<div class=\"elementor-widget-wrap elementor-element-populated\">\n\t\t\t\t\t\t\t\t<div class=\"elementor-element elementor-element-470573a mas-addons-sticky-no elementor-widget elementor-widget-mas-list-group\" data-id=\"470573a\" data-element_type=\"widget\" data-settings=\"{&quot;mas_addons_sticky&quot;:&quot;no&quot;}\" data-widget_type=\"mas-list-group.default\">\n\t\t\t\t<div class=\"elementor-widget-container\">\n\t\t\t\t\t<div class=\"mas-list-group\">\n\t\t\t<ul class=\"mas-list-group-wrapper layout_1\">\n\t\t\t\t\t\t\t\t\t\t\t\t\t<li class=\"mas-list-group-item mas-icon-left\">\n\t\t\t\t\t\t\t\t\t\t\t\t\t<span class=\"mas-list-group-icon no\">\n\t\t\t\t\t\t\t\t\t\t\t\t\t\t\t\t\t<svg xmlns=\"http:\/\/www.w3.org\/2000\/svg\" width=\"22\" height=\"22\" viewBox=\"0 0 22 22\" fill=\"none\"><mask id=\"mask0_224_5894\" style=\"mask-type:alpha\" maskUnits=\"userSpaceOnUse\" x=\"0\" y=\"0\" width=\"22\" height=\"22\"><rect width=\"22\" height=\"22\" fill=\"#D9D9D9\"><\/rect><\/mask><g mask=\"url(#mask0_224_5894)\"><path d=\"M10.9993 11C11.5035 11 11.9351 10.8205 12.2941 10.4614C12.6532 10.1024 12.8327 9.67081 12.8327 9.16665C12.8327 8.66248 12.6532 8.23088 12.2941 7.87185C11.9351 7.51283 11.5035 7.33331 10.9993 7.33331C10.4952 7.33331 10.0636 7.51283 9.70456 7.87185C9.34553 8.23088 9.16602 8.66248 9.16602 9.16665C9.16602 9.67081 9.34553 10.1024 9.70456 10.4614C10.0636 10.8205 10.4952 11 10.9993 11ZM10.9993 17.7375C12.8632 16.0264 14.2459 14.4719 15.1473 13.0739C16.0487 11.676 16.4993 10.4347 16.4993 9.34998C16.4993 7.6847 15.9684 6.32116 14.9066 5.25935C13.8448 4.19755 12.5424 3.66665 10.9993 3.66665C9.45629 3.66665 8.15386 4.19755 7.09206 5.25935C6.03025 6.32116 5.49935 7.6847 5.49935 9.34998C5.49935 10.4347 5.95004 11.676 6.85143 13.0739C7.75282 14.4719 9.13546 16.0264 10.9993 17.7375ZM10.9993 20.1666C8.53963 18.0736 6.70247 16.1295 5.48789 14.3344C4.27331 12.5392 3.66602 10.8778 3.66602 9.34998C3.66602 7.05831 4.40317 5.23262 5.87747 3.8729C7.35178 2.51317 9.05907 1.83331 10.9993 1.83331C12.9396 1.83331 14.6469 2.51317 16.1212 3.8729C17.5955 5.23262 18.3327 7.05831 18.3327 9.34998C18.3327 10.8778 17.7254 12.5392 16.5108 14.3344C15.2962 16.1295 13.4591 18.0736 10.9993 20.1666Z\" fill=\"#050505\"><\/path><\/g><\/svg>\t\t\t\t\t\t\t\t\t\t\t\t\t\t\t\t\t\t\t\t\t\t\t\t\t\t\t\t\t\t\t<\/span>\n\t\t\t\t\t\t\t\t\t\t\t\t\t\t\t<span class=\"mas-list-group-text flowto-size-default\" class=\"mas-list-group-text\">\n\t\t\t\t\t\t\t\t\t19 MAYIS MAH. B\u00dcY\u00dcKDERE CAD. SAKARYA APT NO: 6 \u0130\u00c7 KAPI NO: 12 \u015e\u0130\u015eL\u0130\/ \u0130STANBUL\t\t\t\t\t\t\t\t<\/span>\n                               \n\t\t\t\t\t\t\t                            \n\t\t\t\t\t\t\t\t\t\t\t<\/li>\n\t\t\t\t\t\t\t\t\t\t\t\t\t<li class=\"mas-list-group-item mas-icon-left\">\n\t\t\t\t\t\t\t\t\t\t\t\t<a href=\"tel:+905466062044\"  target=\"_blank\"  rel=\"nofollow\" >\n\t\t\t\t\t\t\t\t\t\t\t\t\t<span class=\"mas-list-group-icon no\">\n\t\t\t\t\t\t\t\t\t\t\t\t\t\t\t\t\t<svg xmlns=\"http:\/\/www.w3.org\/2000\/svg\" width=\"22\" height=\"22\" viewBox=\"0 0 22 22\" fill=\"none\"><mask id=\"mask0_224_5917\" style=\"mask-type:alpha\" maskUnits=\"userSpaceOnUse\" x=\"0\" y=\"0\" width=\"22\" height=\"22\"><rect width=\"22\" height=\"22\" fill=\"#D9D9D9\"><\/rect><\/mask><g mask=\"url(#mask0_224_5917)\"><path d=\"M17.4167 11C17.4167 9.2125 16.7941 7.69618 15.549 6.45104C14.3038 5.2059 12.7875 4.58333 11 4.58333V2.75C12.1458 2.75 13.2191 2.96771 14.2198 3.40313C15.2205 3.83854 16.0913 4.42674 16.8323 5.16771C17.5733 5.90868 18.1615 6.77951 18.5969 7.78021C19.0323 8.7809 19.25 9.85417 19.25 11H17.4167ZM13.75 11C13.75 10.2361 13.4826 9.58681 12.9479 9.05208C12.4132 8.51736 11.7639 8.25 11 8.25V6.41667C12.2681 6.41667 13.349 6.86354 14.2427 7.75729C15.1365 8.65104 15.5833 9.73194 15.5833 11H13.75ZM18.2875 19.25C16.3167 19.25 14.3955 18.8146 12.524 17.9438C10.6524 17.0729 8.99479 15.9118 7.55104 14.4604C6.10729 13.009 4.94618 11.3476 4.06771 9.47604C3.18924 7.60451 2.75 5.68333 2.75 3.7125V3.23125C2.75 3.06319 2.76528 2.90278 2.79583 2.75H8.15833L9.00625 7.35625L6.39375 9.99167C7.03542 11.0917 7.84132 12.1229 8.81146 13.0854C9.7816 14.0479 10.8472 14.8806 12.0083 15.5833L14.6667 12.925L19.25 13.8417V19.2042C19.0972 19.2194 18.9368 19.2309 18.7688 19.2385C18.6007 19.2462 18.4403 19.25 18.2875 19.25ZM5.52292 8.25L7.03542 6.7375L6.64583 4.58333H4.60625C4.68264 5.20972 4.78958 5.82847 4.92708 6.43958C5.06458 7.05069 5.26319 7.65417 5.52292 8.25ZM13.7271 16.4542C14.3229 16.7139 14.9302 16.9201 15.549 17.0729C16.1677 17.2257 16.7903 17.325 17.4167 17.3708V15.3542L15.2625 14.9188L13.7271 16.4542Z\" fill=\"#050505\"><\/path><\/g><\/svg>\t\t\t\t\t\t\t\t\t\t\t\t\t\t\t\t\t\t\t\t\t\t\t\t\t\t\t\t\t\t\t<\/span>\n\t\t\t\t\t\t\t\t\t\t\t\t\t\t\t<span class=\"mas-list-group-text flowto-size-default\" class=\"mas-list-group-text\">\n\t\t\t\t\t\t\t\t\t+90 546 606 20 44\t\t\t\t\t\t\t\t<\/span>\n                               \n\t\t\t\t\t\t\t                            \n\t\t\t\t\t\t\t\t\t\t\t\t<\/a>\n\t\t\t\t\t\t\t\t\t\t\t<\/li>\n\t\t\t\t\t\t\t\t\t\t\t\t\t<li class=\"mas-list-group-item mas-icon-left\">\n\t\t\t\t\t\t\t\t\t\t\t\t<a href=\"mailto:info@oznova.com.tr\"  target=\"_blank\"  rel=\"nofollow\" >\n\t\t\t\t\t\t\t\t\t\t\t\t\t<span class=\"mas-list-group-icon no\">\n\t\t\t\t\t\t\t\t\t\t\t\t\t\t\t\t\t<svg xmlns=\"http:\/\/www.w3.org\/2000\/svg\" width=\"20\" height=\"16\" viewBox=\"0 0 20 16\" fill=\"none\"><path d=\"M0.833984 15.3334V0.666687H19.1673V15.3334H0.833984ZM10.0007 8.91669L2.66732 4.33335V13.5H17.334V4.33335L10.0007 8.91669ZM10.0007 7.08335L17.334 2.50002H2.66732L10.0007 7.08335Z\" fill=\"#050505\"><\/path><\/svg>\t\t\t\t\t\t\t\t\t\t\t\t\t\t\t\t\t\t\t\t\t\t\t\t\t\t\t\t\t\t\t<\/span>\n\t\t\t\t\t\t\t\t\t\t\t\t\t\t\t<span class=\"mas-list-group-text flowto-size-default\" class=\"mas-list-group-text\">\n\t\t\t\t\t\t\t\t\tinfo@oznova.com.tr\t\t\t\t\t\t\t\t<\/span>\n                               \n\t\t\t\t\t\t\t                            \n\t\t\t\t\t\t\t\t\t\t\t\t<\/a>\n\t\t\t\t\t\t\t\t\t\t\t<\/li>\n\t\t\t\t\t\t\t<\/ul>\n\t\t<\/div>\n\t\t\t\t<\/div>\n\t\t\t\t<\/div>\n\t\t\t\t\t<\/div>\n\t\t<\/div>\n\t\t\t\t\t\t\t<\/div>\n\t\t<\/section>\n\t\t\t\t\t<\/div>\n\t\t<\/div>\n\t\t\t\t\t\t\t<\/div>\n\t\t<\/section>\n\t\t\t\t<section class=\"elementor-section elementor-top-section elementor-element elementor-element-0b8e81b elementor-section-full_width elementor-section-height-default elementor-section-height-default mas-addons-sticky-no\" data-id=\"0b8e81b\" data-element_type=\"section\" data-settings=\"{&quot;mas_addons_sticky&quot;:&quot;no&quot;}\">\n\t\t\t\t\t\t<div class=\"elementor-container elementor-column-gap-no\">\n\t\t\t\t\t<div class=\"elementor-column elementor-col-100 elementor-top-column elementor-element elementor-element-91a763d\" data-id=\"91a763d\" data-element_type=\"column\">\n\t\t\t<div class=\"elementor-widget-wrap elementor-element-populated\">\n\t\t\t\t\t\t\t\t<div class=\"elementor-element elementor-element-0a28cf4 mas-addons-sticky-no elementor-widget elementor-widget-google_maps\" data-id=\"0a28cf4\" data-element_type=\"widget\" data-settings=\"{&quot;mas_addons_sticky&quot;:&quot;no&quot;}\" data-widget_type=\"google_maps.default\">\n\t\t\t\t<div class=\"elementor-widget-container\">\n\t\t\t<style>\/*! elementor - v3.18.0 - 20-12-2023 *\/\n.elementor-widget-google_maps .elementor-widget-container{overflow:hidden}.elementor-widget-google_maps .elementor-custom-embed{line-height:0}.elementor-widget-google_maps iframe{height:300px}<\/style>\t\t<div class=\"elementor-custom-embed\">\n\t\t\t<iframe loading=\"lazy\"\n\t\t\t\t\tsrc=\"https:\/\/maps.google.com\/maps?q=19%20MAYIS%20MAH.%20B%C3%9CY%C3%9CKDERE%20CAD.%20%C5%9E%C4%B0%C5%9EL%C4%B0%2F%20%C4%B0STANBUL&#038;t=m&#038;z=10&#038;output=embed&#038;iwloc=near\"\n\t\t\t\t\ttitle=\"19 MAYIS MAH. B\u00dcY\u00dcKDERE CAD. \u015e\u0130\u015eL\u0130\/ \u0130STANBUL\"\n\t\t\t\t\taria-label=\"19 MAYIS MAH. B\u00dcY\u00dcKDERE CAD. \u015e\u0130\u015eL\u0130\/ \u0130STANBUL\"\n\t\t\t><\/iframe>\n\t\t<\/div>\n\t\t\t\t<\/div>\n\t\t\t\t<\/div>\n\t\t\t\t\t<\/div>\n\t\t<\/div>\n\t\t\t\t\t\t\t<\/div>\n\t\t<\/section>\n\t\t\t\t\t\t\t<\/div>\n\t\t","protected":false},"excerpt":{"rendered":"<p>Bize ula\u015f\u0131n \u0130LET\u0130\u015e\u0130ME GE\u00c7IN 19 MAYIS MAH. B\u00dcY\u00dcKDERE CAD. SAKARYA APT NO: 6 \u0130\u00c7 KAPI NO: 12 \u015e\u0130\u015eL\u0130\/ \u0130STANBUL +90 546 606 20 44 info@oznova.com.tr<\/p>\n","protected":false},"author":2,"featured_media":0,"parent":0,"menu_order":0,"comment_status":"closed","ping_status":"closed","template":"elementor_header_footer","meta":{"inline_featured_image":false,"_monsterinsights_skip_tracking":false,"_monsterinsights_sitenote_active":false,"_monsterinsights_sitenote_note":"","_monsterinsights_sitenote_category":0,"footnotes":""},"acf":[],"aioseo_notices":[],"_links":{"self":[{"href":"https:\/\/oznova.com.tr\/index.php?rest_route=\/wp\/v2\/pages\/1596"}],"collection":[{"href":"https:\/\/oznova.com.tr\/index.php?rest_route=\/wp\/v2\/pages"}],"about":[{"href":"https:\/\/oznova.com.tr\/index.php?rest_route=\/wp\/v2\/types\/page"}],"author":[{"embeddable":true,"href":"https:\/\/oznova.com.tr\/index.php?rest_route=\/wp\/v2\/users\/2"}],"replies":[{"embeddable":true,"href":"https:\/\/oznova.com.tr\/index.php?rest_route=%2Fwp%2Fv2%2Fcomments&post=1596"}],"version-history":[{"count":27,"href":"https:\/\/oznova.com.tr\/index.php?rest_route=\/wp\/v2\/pages\/1596\/revisions"}],"predecessor-version":[{"id":3087,"href":"https:\/\/oznova.com.tr\/index.php?rest_route=\/wp\/v2\/pages\/1596\/revisions\/3087"}],"wp:attachment":[{"href":"https:\/\/oznova.com.tr\/index.php?rest_route=%2Fwp%2Fv2%2Fmedia&parent=1596"}],"curies":[{"name":"wp","href":"https:\/\/api.w.org\/{rel}","templated":true}]}}